{"id":268,"date":"2021-04-12T11:44:53","date_gmt":"2021-04-12T14:44:53","guid":{"rendered":"http:\/\/web.accionsocialspb.org.ar\/dpasdoswp\/?page_id=268"},"modified":"2023-12-22T14:47:35","modified_gmt":"2023-12-22T17:47:35","slug":"prestaciones-sociales","status":"publish","type":"page","link":"https:\/\/web.accionsocialspb.org.ar\/dpasdoswp\/prestaciones-sociales\/","title":{"rendered":"Prestaciones Sociales"},"content":{"rendered":"\n<h2 class=\"wp-block-heading\"><strong><span style=\"color:#00aec3\" class=\"has-inline-color\">Prestaciones Sociales<\/span><\/strong><\/h2>\n\n\n\n<p>Los subsidios y beneficios sociales proporcionados a los afiliados de la <strong>Direcci\u00f3n Provincial de Acci\u00f3n Social del SPB<\/strong> son de apoyo adicional en acontecimientos extraordinarios que puedan convertirse en necesidades b\u00e1sicas y de placer.<\/p>\n\n\n\n<h6 class=\"wp-block-heading\"><strong><span style=\"color:#00aec3\" class=\"has-inline-color\">DOCUMENTACI\u00d3N B\u00c1SICA para todo tipo de tr\u00e1mite social<\/span><\/strong><\/h6>\n\n\n\n<ul class=\"wp-block-list\">\n<li><mark style=\"background-color:rgba(0, 0, 0, 0);color:#838383\" class=\"has-inline-color\">Nota firmada por el titular.<\/mark><\/li>\n\n\n\n<li><mark style=\"background-color:rgba(0, 0, 0, 0);color:#838383\" class=\"has-inline-color\">DNI y Carnet de IOMA del afiliado titular y del grupo familiar.<\/mark><\/li>\n\n\n\n<li><mark style=\"background-color:rgba(0, 0, 0, 0);color:#838383\" class=\"has-inline-color\">\u00daltimo Recibo de sueldo.<\/mark><\/li>\n\n\n\n<li><mark style=\"background-color:rgba(0, 0, 0, 0);color:#838383\" class=\"has-inline-color\">CBU<\/mark><\/li>\n<\/ul>\n\n\n\n<h6 class=\"wp-block-heading\"><strong>PRESTACIONES<\/strong><\/h6>\n\n\n\n<ul class=\"wp-block-list\">\n<li>Alojamiento por razones de salud<\/li>\n\n\n\n<li>Beneficio por Nacimiento<\/li>\n<\/ul>\n\n\n\n<ul class=\"wp-block-list\">\n<li>Subsidio por incendio o siniestro (cobertura ante temporal con lluvias, vientos, granizos, inundaciones, etc)<\/li>\n\n\n\n<li>Subsidio (por heridas graves o grav\u00edsimas en actos de servicios)<\/li>\n\n\n\n<li>Subsidio por internaci\u00f3n<\/li>\n\n\n\n<li>Subsidio por internaci\u00f3n con intervenci\u00f3n quir\u00fargica<\/li>\n<\/ul>\n\n\n\n<ul class=\"wp-block-list\">\n<li>Ayuda escolar para hijos que sufran heridas graves o grav\u00edsimas en actos de servicios<\/li>\n\n\n\n<li>Ayuda social para afiliados con jubilaci\u00f3n por incapacidad o pensi\u00f3n en tr\u00e1mite<\/li>\n<\/ul>\n\n\n\n<ul class=\"wp-block-list\">\n<li>Subsidio por fallecimiento<\/li>\n\n\n\n<li>Reintegro por gastos de sepelio<\/li>\n\n\n\n<li>Beneficio por luto<\/li>\n\n\n\n<li>Hijos fallecidos antes de nacer (Nasciturus)<\/li>\n\n\n\n<li>Hijos a cargo<\/li>\n\n\n\n<li>Menor a cargo (no hijo)<\/li>\n\n\n\n<li>Padres a cargo<\/li>\n<\/ul>\n\n\n\n<ul class=\"wp-block-list\">\n<li>Pr\u00e9stamo (para refacci\u00f3n de vivienda por cuestiones de salud)<\/li>\n\n\n\n<li>Pr\u00e9stamo (en caso de salud)<\/li>\n<\/ul>\n\n\n\n<h6 class=\"wp-block-heading\"><mark style=\"background-color:rgba(0, 0, 0, 0);color:#00aec3\" class=\"has-inline-color\">Adjuntar a DOCUMENTACI\u00d3N B\u00c1SICA<font color=\"#00aec3\"> para Subsidio<\/font><\/mark><\/h6>\n\n\n\n<ul class=\"wp-block-list\">\n<li><mark style=\"background-color:rgba(0, 0, 0, 0);color:#838383\" class=\"has-inline-color\">Epicrisis certificada con certificaci\u00f3n original.<\/mark><\/li>\n\n\n\n<li><mark style=\"background-color:rgba(0, 0, 0, 0);color:#838383\" class=\"has-inline-color\">En caso de solicitar el subsidio por intervenci\u00f3n quir\u00fargica adjuntar protocolo quir\u00fargico.<\/mark><\/li>\n<\/ul>\n\n\n\n<h6 class=\"wp-block-heading\"><strong>DOCUMENTACION PARA REALIZAR LA GESTION ANTE LA PRESTADORA DEL SERVICIO F\u00daNEBRE<\/strong><\/h6>\n\n\n\n<p>En caso de fallecimiento de un familiar se requiere la constancia del v\u00ednculo a trav\u00e9s de acta, certificado o libreta de familia.<\/p>\n\n\n\n<ul class=\"wp-block-list\">\n<li>Financiaci\u00f3n Odontol\u00f3gica<\/li>\n\n\n\n<li>Financiaci\u00f3n por Turismo<\/li>\n<\/ul>\n","protected":false},"excerpt":{"rendered":"<p>Prestaciones Sociales Los subsidios y beneficios sociales proporcionados a los afiliados de la Direcci\u00f3n Provincial de Acci\u00f3n Social del SPB son de apoyo adicional en acontecimientos extraordinarios que puedan convertirse en necesidades b\u00e1sicas y de placer. DOCUMENTACI\u00d3N B\u00c1SICA para todo tipo de tr\u00e1mite social PRESTACIONES Adjuntar a DOCUMENTACI\u00d3N B\u00c1SICA para Subsidio DOCUMENTACION PARA REALIZAR LA &#8230; <a title=\"Prestaciones Sociales\" class=\"read-more\" href=\"https:\/\/web.accionsocialspb.org.ar\/dpasdoswp\/prestaciones-sociales\/\" aria-label=\"Leer m\u00e1s sobre Prestaciones Sociales\">Leer m\u00e1s<\/a><\/p>\n","protected":false},"author":1,"featured_media":0,"parent":0,"menu_order":0,"comment_status":"closed","ping_status":"closed","template":"","meta":{"footnotes":""},"class_list":["post-268","page","type-page","status-publish"],"_links":{"self":[{"href":"https:\/\/web.accionsocialspb.org.ar\/dpasdoswp\/wp-json\/wp\/v2\/pages\/268","targetHints":{"allow":["GET"]}}],"collection":[{"href":"https:\/\/web.accionsocialspb.org.ar\/dpasdoswp\/wp-json\/wp\/v2\/pages"}],"about":[{"href":"https:\/\/web.accionsocialspb.org.ar\/dpasdoswp\/wp-json\/wp\/v2\/types\/page"}],"author":[{"embeddable":true,"href":"https:\/\/web.accionsocialspb.org.ar\/dpasdoswp\/wp-json\/wp\/v2\/users\/1"}],"replies":[{"embeddable":true,"href":"https:\/\/web.accionsocialspb.org.ar\/dpasdoswp\/wp-json\/wp\/v2\/comments?post=268"}],"version-history":[{"count":41,"href":"https:\/\/web.accionsocialspb.org.ar\/dpasdoswp\/wp-json\/wp\/v2\/pages\/268\/revisions"}],"predecessor-version":[{"id":1786,"href":"https:\/\/web.accionsocialspb.org.ar\/dpasdoswp\/wp-json\/wp\/v2\/pages\/268\/revisions\/1786"}],"wp:attachment":[{"href":"https:\/\/web.accionsocialspb.org.ar\/dpasdoswp\/wp-json\/wp\/v2\/media?parent=268"}],"curies":[{"name":"wp","href":"https:\/\/api.w.org\/{rel}","templated":true}]}}