{"id":271,"date":"2021-04-12T11:45:16","date_gmt":"2021-04-12T14:45:16","guid":{"rendered":"http:\/\/web.accionsocialspb.org.ar\/dpasdoswp\/?page_id=271"},"modified":"2025-05-15T15:22:15","modified_gmt":"2025-05-15T18:22:15","slug":"prestaciones-medicas","status":"publish","type":"page","link":"https:\/\/web.accionsocialspb.org.ar\/dpasdoswp\/prestaciones-medicas\/","title":{"rendered":"Prestaciones Medicas"},"content":{"rendered":"\n<h2 class=\"wp-block-heading has-text-align-left has-text-color\" style=\"color:#00aec3\"><strong>Prestaciones M\u00e9dicas <\/strong><\/h2>\n\n\n\n<p><strong>Prestaciones M\u00e9dicas, Odontol\u00f3gicas y Psicol\u00f3gica<\/strong><\/p>\n\n\n\n<p>Para todos los tr\u00e1mites a realizar los afiliados deben solicitar previamente cobertura de IOMA , en caso de rechazo se solicitar\u00e1 la negativa de dicha instituci\u00f3n.<br>En caso de presentar ticket se deber\u00e1 adjuntar remito o presupuesto con monto y nombre del afiliado que valide dicho ticket<br>Es requisito fundamental que las indicaciones m\u00e9dicas, odontol\u00f3gicas, psicol\u00f3gicas o farmacol\u00f3gica sean de lectura clara , sin tachaduras, abreviaturas y enmiendas para poder cumplir de manera r\u00e1pida la solicitud del afiliado.<\/p>\n\n\n\n<h6 class=\"wp-block-heading\"><strong><span style=\"color:#00aec3\" class=\"has-inline-color\">DOCUMENTACI\u00d3N B\u00c1SICA para todo tipo de tr\u00e1mite social<\/span><\/strong><\/h6>\n\n\n\n<ul class=\"wp-block-list\">\n<li><mark style=\"background-color:rgba(0, 0, 0, 0);color:#838383\" class=\"has-inline-color\">Nota firmada por el titular.<\/mark><\/li>\n\n\n\n<li><mark style=\"background-color:rgba(0, 0, 0, 0);color:#838383\" class=\"has-inline-color\">DNI y Carnet de IOMA del afiliado titular y del grupo familiar.<\/mark><\/li>\n\n\n\n<li><mark style=\"background-color:rgba(0, 0, 0, 0);color:#838383\" class=\"has-inline-color\">\u00daltimo Recibo de sueldo.<\/mark><\/li>\n\n\n\n<li><mark style=\"background-color:rgba(0, 0, 0, 0);color:#838383\" class=\"has-inline-color\">CBU<\/mark><\/li>\n<\/ul>\n\n\n\n<h5 class=\"wp-block-heading\"><strong>Cobertura<\/strong><\/h5>\n\n\n\n<p>Todo afiliado que se encuentre percibiendo una cobertura por parte de la Direcci\u00f3n Provincial de Acci\u00f3n Social del SPB, para no interrumpir la prestaci\u00f3n, deber\u00e1 presentar copia de la disposici\u00f3n de la misma<br>Para todo tr\u00e1mite no inmediato o de car\u00e1cter excepcional se requerir\u00e1 nota de solicitud del afiliado donde manifieste claramente su petici\u00f3n.<\/p>\n\n\n\n<h5 class=\"wp-block-heading\"><strong>Prestaciones<\/strong><\/h5>\n\n\n\n<div class=\"wp-block-columns is-layout-flex wp-container-core-columns-is-layout-9d6595d7 wp-block-columns-is-layout-flex\">\n<div class=\"wp-block-column is-layout-flow wp-block-column-is-layout-flow\" style=\"flex-basis:66.66%\">\n<ul id=\"block-dcd4e984-12ae-43e7-b3cb-2d6fbd3a843a\" class=\"wp-block-list\">\n<li>An\u00e1lisis cl\u00ednicos no cubiertos por IOMA<\/li>\n\n\n\n<li>Bono Bioqu\u00edmico<\/li>\n\n\n\n<li>Cel\u00edacos Canasta de alimentos<\/li>\n\n\n\n<li>Cirug\u00eda General (Honorarios Anestesista)<\/li>\n\n\n\n<li>Consultas M\u00e9dicas (Paciente con discapacidades y Oncol\u00f3gicos)<\/li>\n\n\n\n<li>Enfermer\u00eda<\/li>\n\n\n\n<li>Fonoaudiolog\u00eda<\/li>\n\n\n\n<li>Internaci\u00f3n geri\u00e1trica<\/li>\n\n\n\n<li>Kinesiolog\u00eda<\/li>\n<\/ul>\n<\/div>\n\n\n\n<div class=\"wp-block-column is-layout-flow wp-block-column-is-layout-flow\" style=\"flex-basis:33.33%\">\n<div class=\"wp-block-buttons is-layout-flex wp-block-buttons-is-layout-flex\">\n<div class=\"wp-block-button has-custom-width wp-block-button__width-100\"><a class=\"wp-block-button__link has-white-color has-text-color has-background no-border-radius wp-element-button\" href=\"https:\/\/web.accionsocialspb.org.ar\/dpasdoswp\/wp-content\/uploads\/2021\/10\/Planilla-asistencia-logo-nuevo.pdf\" style=\"background-color:#00aeca\" target=\"_blank\" rel=\"noreferrer noopener\"><strong>Descarga tu Planilla de Asistencia<\/strong><\/a><\/div>\n\n\n\n<div class=\"wp-block-button has-custom-width wp-block-button__width-100\"><a class=\"wp-block-button__link has-white-color has-text-color has-background no-border-radius wp-element-button\" href=\"https:\/\/web.accionsocialspb.org.ar\/dpasdoswp\/wp-content\/uploads\/2025\/05\/Modelo-Para-los-AT.pdf\" style=\"background-color:#00aeca\" target=\"_blank\" rel=\"noreferrer noopener\"><strong>Descarga tu Planilla de<\/strong> <strong>Acompa\u00f1ante Terap\u00e9utico\/<br>Cuidador Domiciliario<\/strong><\/a><\/div>\n<\/div>\n<\/div>\n<\/div>\n\n\n\n<ul class=\"wp-block-list\">\n<li>An\u00e1lisis cl\u00ednicos no cubiertos por IOMA<\/li>\n\n\n\n<li>Bono Bioqu\u00edmico<\/li>\n\n\n\n<li>Cel\u00edacos Canasta de alimentos<\/li>\n\n\n\n<li>Cirug\u00eda General (Honorarios Anestesista)<\/li>\n\n\n\n<li>Consultas M\u00e9dicas (Paciente con discapacidades y Oncol\u00f3gicos)<\/li>\n\n\n\n<li>Enfermer\u00eda<\/li>\n\n\n\n<li>Fonoaudiolog\u00eda<\/li>\n\n\n\n<li>Internaci\u00f3n geri\u00e1trica<\/li>\n\n\n\n<li>Kinesiolog\u00eda<\/li>\n<\/ul>\n\n\n\n<ul class=\"wp-block-list\">\n<li>Nebulizador<\/li>\n\n\n\n<li>Nutrici\u00f3n<\/li>\n<\/ul>\n\n\n\n<p><strong>Odontolog\u00eda<\/strong><br>Convenio con la RED ODONTOL\u00d3GICA SRL. a trav\u00e9s del cual los afiliados de la DPAS pueden acceder a distintas pr\u00e1cticas cubiertas o no por IOMA<\/p>\n\n\n\n<h5 class=\"wp-block-heading\"><strong>Cobertura<\/strong><\/h5>\n\n\n\n<ul class=\"wp-block-list\">\n<li>Bonos Odontol\u00f3gicos<\/li>\n\n\n\n<li>Reintegro Copago<\/li>\n\n\n\n<li>Pr\u00f3tesis<\/li>\n\n\n\n<li>Implantes<\/li>\n\n\n\n<li>Ortodoncia y Ortopedia (por \u00fanica vez)<\/li>\n\n\n\n<li>Tratamiento periodontal, placa de bruxismo y mantenedor de espacios, tratamiento de atm, estudio histopatologicos con cobertura de IOMA<\/li>\n\n\n\n<li>Radiograf\u00edas extraorales y estudios cefal\u00f3metro<\/li>\n\n\n\n<li>Oftalmolog\u00eda<\/li>\n\n\n\n<li>Ortopedia<\/li>\n\n\n\n<li>Otorrinolaringolog\u00eda<\/li>\n\n\n\n<li>Pr\u00e1cticas m\u00e9dicas y estudios no cubiertos por IOMA<\/li>\n<\/ul>\n\n\n\n<p><strong>Practicas Bioquimicas no reconocidad por IOMA<\/strong><br>Convenio FABA. El beneficio se otorgara autom\u00e1ticamente cuando el afiliado se presente en el Laboratorio para realizarse un an\u00e1lisis.<\/p>\n\n\n\n<p><strong>Psicologia<\/strong><br>En caso que el profesional este adherido a IOMA, la cobertura otorgada por este coseguro ser\u00e1 del porcentaje no cubierto por dicha obra social para las primeras 4 sesiones (de diagnostico), las restantes 40 sesiones (hasta 5 por mes para los mayores u o 8 para los menores), asi como tambien paraa las prorrogas subsiguientes autorizadas por IOMA.<\/p>\n\n\n\n<p><strong>Pedagog\u00eda<\/strong><br>Para menores de 3 a 14 a\u00f1os. Dado que la atencion psicopedag\u00f3gica esta dentro de las practicas que requieren su autorizacion por via de excepcion en IOMA, el afiliado deber\u00e1 solicitarla previamente en dicho Instituto, para luego iniciar el tr\u00e1mite en \u00e9sta Direcci\u00f3n.<br>Se reconocer\u00e1 el mismo monto que IOMA, hasta 8 (ocho) sesiones mensuales durante 24 meses continuos o alteranados.<\/p>\n\n\n\n<p><strong>Psiquiatr\u00eda<\/strong><br>A los tr\u00e1mites con denegatoria de IOMA o los casos que el profesional no estuviese adherido al Instituto (presentando constancia de dicha situacion) tendr\u00e1 una cobertura para los mayores e 14 a\u00f1os de: 5 sesiones al mes durante 12 meses.<\/p>\n\n\n\n<ul class=\"wp-block-list\">\n<li>Rehabilitaci\u00f3n<\/li>\n\n\n\n<li>Servicio para personas con capacidades diferentes<\/li>\n\n\n\n<li>Terapia Ocupacional<\/li>\n<\/ul>\n\n\n\n<ul class=\"wp-block-list\">\n<li>Vacunaci\u00f3n<\/li>\n<\/ul>\n\n\n\n<ul id=\"block-49e1aa13-a955-4747-82d3-7570eaa8c21d\" class=\"wp-block-list\">\n<li>Rehabilitaci\u00f3n<\/li>\n\n\n\n<li>Servicio para personas con capacidades diferentes<\/li>\n\n\n\n<li>Terapia Ocupacional<\/li>\n<\/ul>\n","protected":false},"excerpt":{"rendered":"<p>Prestaciones M\u00e9dicas Prestaciones M\u00e9dicas, Odontol\u00f3gicas y Psicol\u00f3gica Para todos los tr\u00e1mites a realizar los afiliados deben solicitar previamente cobertura de IOMA , en caso de rechazo se solicitar\u00e1 la negativa de dicha instituci\u00f3n.En caso de presentar ticket se deber\u00e1 adjuntar remito o presupuesto con monto y nombre del afiliado que valide dicho ticketEs requisito fundamental &#8230; <a title=\"Prestaciones Medicas\" class=\"read-more\" href=\"https:\/\/web.accionsocialspb.org.ar\/dpasdoswp\/prestaciones-medicas\/\" aria-label=\"Leer m\u00e1s sobre Prestaciones Medicas\">Leer m\u00e1s<\/a><\/p>\n","protected":false},"author":1,"featured_media":0,"parent":0,"menu_order":0,"comment_status":"closed","ping_status":"closed","template":"","meta":{"footnotes":""},"class_list":["post-271","page","type-page","status-publish"],"_links":{"self":[{"href":"https:\/\/web.accionsocialspb.org.ar\/dpasdoswp\/wp-json\/wp\/v2\/pages\/271","targetHints":{"allow":["GET"]}}],"collection":[{"href":"https:\/\/web.accionsocialspb.org.ar\/dpasdoswp\/wp-json\/wp\/v2\/pages"}],"about":[{"href":"https:\/\/web.accionsocialspb.org.ar\/dpasdoswp\/wp-json\/wp\/v2\/types\/page"}],"author":[{"embeddable":true,"href":"https:\/\/web.accionsocialspb.org.ar\/dpasdoswp\/wp-json\/wp\/v2\/users\/1"}],"replies":[{"embeddable":true,"href":"https:\/\/web.accionsocialspb.org.ar\/dpasdoswp\/wp-json\/wp\/v2\/comments?post=271"}],"version-history":[{"count":98,"href":"https:\/\/web.accionsocialspb.org.ar\/dpasdoswp\/wp-json\/wp\/v2\/pages\/271\/revisions"}],"predecessor-version":[{"id":2119,"href":"https:\/\/web.accionsocialspb.org.ar\/dpasdoswp\/wp-json\/wp\/v2\/pages\/271\/revisions\/2119"}],"wp:attachment":[{"href":"https:\/\/web.accionsocialspb.org.ar\/dpasdoswp\/wp-json\/wp\/v2\/media?parent=271"}],"curies":[{"name":"wp","href":"https:\/\/api.w.org\/{rel}","templated":true}]}}