{"id":357,"date":"2021-04-13T11:34:43","date_gmt":"2021-04-13T14:34:43","guid":{"rendered":"http:\/\/web.accionsocialspb.org.ar\/dpasdoswp\/?page_id=357"},"modified":"2023-09-08T13:37:35","modified_gmt":"2023-09-08T16:37:35","slug":"afiliaciones-especiales","status":"publish","type":"page","link":"https:\/\/web.accionsocialspb.org.ar\/dpasdoswp\/afiliaciones-especiales\/","title":{"rendered":"Afiliaciones Especiales"},"content":{"rendered":"\n<h2 class=\"wp-block-heading\"><strong><span style=\"color:#00aec3\" class=\"has-inline-color\">Afiliaciones Especiales<\/span><\/strong><\/h2>\n\n\n\n<h6 class=\"wp-block-heading\"><strong><span style=\"color:#838383\" class=\"has-inline-color\">Documentaci\u00f3n para todo tr\u00e1mite afiliatorio<\/span><\/strong><\/h6>\n\n\n\n<ul class=\"wp-block-list\" id=\"block-2825a094-ce71-406c-9419-ce38a864161b\">\n<li><mark style=\"background-color:rgba(0, 0, 0, 0);color:#838383\" class=\"has-inline-color\">DNI y Carnet de IOMA del afiliatorio y del grupo familiar.<\/mark><\/li>\n\n\n\n<li><mark style=\"background-color:rgba(0, 0, 0, 0);color:#838383\" class=\"has-inline-color\">Certificado de Nacimiento y Acta de Matrimonio, seg\u00fan corresponda<\/mark><\/li>\n\n\n\n<li><mark style=\"background-color:rgba(0, 0, 0, 0);color:#838383\" class=\"has-inline-color\">\u00daltimo recibo de haberes del titular<\/mark><\/li>\n<\/ul>\n\n\n\n<h6 class=\"wp-block-heading\"><strong>Afiliado Indirecto<\/strong><\/h6>\n\n\n\n<p><strong>Hijos estudiantes mayores de 21 a\u00f1os<\/strong><br>Es para todos los hijos de los afiliados, que cumplidos los 21 a\u00f1os de edad contin\u00faen con sus estudios , sean estos secundarios, terciarios o universitarios y se reconocer\u00e1n hasta tanto lo haga el IOMA.<\/p>\n\n\n\n<ul class=\"wp-block-list\">\n<li><mark style=\"background-color:rgba(0, 0, 0, 0);color:#838383\" class=\"has-inline-color\">Adjuntar a documentaci\u00f3n b\u00e1sica<\/mark><\/li>\n\n\n\n<li><mark style=\"background-color:rgba(0, 0, 0, 0);color:#838383\" class=\"has-inline-color\">Certificado de alumno regular<\/mark><\/li>\n<\/ul>\n\n\n\n<h6 class=\"wp-block-heading\"><strong>Hijos con capacidades diferentes<\/strong><\/h6>\n\n\n\n<p>Corresponde en este caso a los hijos de los afiliados a la Obra social primaria, mayores de 21 a\u00f1os  que por padecer alg\u00fan tipo de discapacidad, no puedan procurarse recursos propios. La misma se mantendr\u00e1 por el mismo periodo que lo haga el IOMA.<\/p>\n\n\n\n<ul class=\"wp-block-list\">\n<li><mark style=\"background-color:rgba(0, 0, 0, 0);color:#838383\" class=\"has-inline-color\">Adjuntar a documentaci\u00f3n b\u00e1sica<\/mark><\/li>\n\n\n\n<li><mark style=\"background-color:rgba(0, 0, 0, 0);color:#838383\" class=\"has-inline-color\">Fotocopia Certificada de discapacidad (CUD) otorgado por junta medica, emanada de autoridades competentes. Si el mismo fuese de larga data deber\u00e1 acompa\u00f1arse de un certificado medico actualizado, o bien revalidado Junta Medica.<\/mark><\/li>\n<\/ul>\n\n\n\n<div style=\"height:24px\" aria-hidden=\"true\" class=\"wp-block-spacer\"><\/div>\n\n\n\n<h4 class=\"wp-block-heading has-text-color\" style=\"color:#00aec3\"><strong>V\u00eda de \u00a0Excepci\u00f3n<\/strong><\/h4>\n\n\n\n<h6 class=\"wp-block-heading\"><strong>Menores de 18 a\u00f1os<\/strong><\/h6>\n\n\n\n<p>Se considera aquellos menores de 18 a\u00f1os que se encuentran bajo la Guarda Judicial de un afiliado de este Coseguro. La cobertura se mantendr\u00e1 hasta cumplidos los 18 a\u00f1os de edad. <br>  En caso de que la madre o padre del menor a incorporar fuese menor de 18 a\u00f1os, y no estuviera reconocido por el progenitor, la afiliaci\u00f3n se realizar\u00e1 sin la presentaci\u00f3n de la Guarda Judicial adjunt\u00e1ndose certificado de nacimiento de padre o madre del menor.<\/p>\n\n\n\n<ul class=\"wp-block-list\">\n<li><mark style=\"background-color:rgba(0, 0, 0, 0);color:#838383\" class=\"has-inline-color\"><strong>Adjuntar a Documentaci\u00f3n b\u00e1sica<\/strong><\/mark><\/li>\n\n\n\n<li><mark style=\"background-color:rgba(0, 0, 0, 0);color:#838383\" class=\"has-inline-color\">Fotocopia de guarda judicial o tutela<br>Estudiantes: Certificado de estudios.<\/mark><\/li>\n\n\n\n<li><mark style=\"background-color:rgba(0, 0, 0, 0);color:#838383\" class=\"has-inline-color\">Capacidades diferentes: Certificado de Discapacidad (CUD) otorgado por Junta M\u00e9dica (la que deber\u00e1 ser rubricada por lo menos por tres (3) profesionales m\u00e9dicos)<\/mark><\/li>\n<\/ul>\n\n\n\n<h6 class=\"wp-block-heading\"><strong>Padres a cargo<\/strong><\/h6>\n\n\n\n<p>El afiliado titular podr\u00e1 solicitar la incorporaci\u00f3n de sus padres a este Coseguro cuando se demuestre fehacientemente que se encuentra a su cargo, careciendo de recursos propios, siendo su subsistencia sostenida por el titular y demostrar su afiliaci\u00f3n al IOMA. La afiliaci\u00f3n se mantendr\u00e1 por el tiempo que lo haga el IOMA, operando el vencimiento el mismo dia que el carnet de dicha obra social.<\/p>\n\n\n\n<ul class=\"wp-block-list\">\n<li><mark style=\"background-color:rgba(0, 0, 0, 0);color:#838383\" class=\"has-inline-color\"><strong>Adjuntar a documentaci\u00f3n b\u00e1sica<\/strong><\/mark><\/li>\n\n\n\n<li><mark style=\"background-color:rgba(0, 0, 0, 0);color:#838383\" class=\"has-inline-color\">Original de la Informaci\u00f3n Sumaria Judicial tendiente a demostrar la falta de recursos de los padres del afiliado y que la subsistencia es sostenida por \u00e9ste.<\/mark><\/li>\n<\/ul>\n\n\n\n<p><\/p>\n","protected":false},"excerpt":{"rendered":"<p>Afiliaciones Especiales Documentaci\u00f3n para todo tr\u00e1mite afiliatorio Afiliado Indirecto Hijos estudiantes mayores de 21 a\u00f1osEs para todos los hijos de los afiliados, que cumplidos los 21 a\u00f1os de edad contin\u00faen con sus estudios , sean estos secundarios, terciarios o universitarios y se reconocer\u00e1n hasta tanto lo haga el IOMA. Hijos con capacidades diferentes Corresponde en &#8230; <a title=\"Afiliaciones Especiales\" class=\"read-more\" href=\"https:\/\/web.accionsocialspb.org.ar\/dpasdoswp\/afiliaciones-especiales\/\" aria-label=\"Leer m\u00e1s sobre Afiliaciones Especiales\">Leer m\u00e1s<\/a><\/p>\n","protected":false},"author":1,"featured_media":0,"parent":0,"menu_order":0,"comment_status":"closed","ping_status":"closed","template":"","meta":{"footnotes":""},"class_list":["post-357","page","type-page","status-publish"],"_links":{"self":[{"href":"https:\/\/web.accionsocialspb.org.ar\/dpasdoswp\/wp-json\/wp\/v2\/pages\/357","targetHints":{"allow":["GET"]}}],"collection":[{"href":"https:\/\/web.accionsocialspb.org.ar\/dpasdoswp\/wp-json\/wp\/v2\/pages"}],"about":[{"href":"https:\/\/web.accionsocialspb.org.ar\/dpasdoswp\/wp-json\/wp\/v2\/types\/page"}],"author":[{"embeddable":true,"href":"https:\/\/web.accionsocialspb.org.ar\/dpasdoswp\/wp-json\/wp\/v2\/users\/1"}],"replies":[{"embeddable":true,"href":"https:\/\/web.accionsocialspb.org.ar\/dpasdoswp\/wp-json\/wp\/v2\/comments?post=357"}],"version-history":[{"count":62,"href":"https:\/\/web.accionsocialspb.org.ar\/dpasdoswp\/wp-json\/wp\/v2\/pages\/357\/revisions"}],"predecessor-version":[{"id":1726,"href":"https:\/\/web.accionsocialspb.org.ar\/dpasdoswp\/wp-json\/wp\/v2\/pages\/357\/revisions\/1726"}],"wp:attachment":[{"href":"https:\/\/web.accionsocialspb.org.ar\/dpasdoswp\/wp-json\/wp\/v2\/media?parent=357"}],"curies":[{"name":"wp","href":"https:\/\/api.w.org\/{rel}","templated":true}]}}