{"id":359,"date":"2021-04-13T11:35:12","date_gmt":"2021-04-13T14:35:12","guid":{"rendered":"http:\/\/web.accionsocialspb.org.ar\/dpasdoswp\/?page_id=359"},"modified":"2023-09-08T13:11:38","modified_gmt":"2023-09-08T16:11:38","slug":"autorizaciones","status":"publish","type":"page","link":"https:\/\/web.accionsocialspb.org.ar\/dpasdoswp\/autorizaciones\/","title":{"rendered":"Autorizaciones"},"content":{"rendered":"\n<h2 class=\"wp-block-heading\"><strong><span style=\"color:#00aec3\" class=\"has-inline-color\">Autorizaciones<\/span><\/strong><\/h2>\n\n\n\n<p><\/p>\n\n\n\n<ul class=\"wp-block-list\">\n<li><mark style=\"background-color:rgba(0, 0, 0, 0);color:#838383\" class=\"has-inline-color\"><strong>Adjuntar a documentaci\u00f3n b\u00e1sica<\/strong><\/mark><\/li>\n\n\n\n<li><mark style=\"background-color:rgba(0, 0, 0, 0);color:#838383\" class=\"has-inline-color\">Nota presentada por el titular con su firma debidamente certificada (por delegado de la Direcci\u00f3n Provincial o personal de la Secci\u00f3n de afiliaciones ), solicitando la representaci\u00f3n, haciendo constar nombre, domicilio actual y tel\u00e9fono del representante.<\/mark><\/li>\n\n\n\n<li><mark style=\"background-color:rgba(0, 0, 0, 0);color:#838383\" class=\"has-inline-color\">Certificado m\u00e9dico original, establecido el diagnostico y el estado de licudez (si el titular no puede firmar deber\u00e1 constar en dicho certificado, pudiendo en ese caso firmar la nota el eventual representante.)<\/mark><\/li>\n\n\n\n<li><mark style=\"background-color:rgba(0, 0, 0, 0);color:#838383\" class=\"has-inline-color\">Esta representaci\u00f3n deber\u00e1 ser renovada anualmente con certificado medico actualizado o con certificado de supervivencia y ultimo recibo de sueldo del titular.<\/mark><\/li>\n<\/ul>\n\n\n\n<h6 class=\"wp-block-heading\"><strong>Semestrales<\/strong><\/h6>\n\n\n\n<ul class=\"wp-block-list\">\n<li><mark style=\"background-color:rgba(0, 0, 0, 0);color:#838383\" class=\"has-inline-color\"><strong>Adjuntar a documentaci\u00f3n b\u00e1sica<\/strong><\/mark><\/li>\n\n\n\n<li><mark style=\"background-color:rgba(0, 0, 0, 0);color:#838383\" class=\"has-inline-color\">Planilla de solicitud formada por el titular y el representante<\/mark><\/li>\n\n\n\n<li><mark style=\"background-color:rgba(0, 0, 0, 0);color:#838383\" class=\"has-inline-color\">Esta autorizaci\u00f3n tendr\u00e1 una validez de seis(6) meses a partir de la fecha que fue efectuada, pudi\u00e9ndose  renovarse a su vencimiento<\/mark><\/li>\n\n\n\n<li><mark style=\"background-color:rgba(0, 0, 0, 0);color:#838383\" class=\"has-inline-color\"><strong>Nota: <\/strong>Si el titular se encontrara detenido, en disponibilidad o con jubilaci\u00f3n o pensi\u00f3n en tr\u00e1mite, el certificado se extender\u00e1 mensualment<\/mark>e.<\/li>\n<\/ul>\n\n\n\n<h6 class=\"wp-block-heading\"><strong>Por representaci\u00f3n de hijos menores y en car\u00e1cter de c\u00f3nyuge separado.<\/strong><\/h6>\n\n\n\n<p>En caso de que existiera sentencia judicial por alimentos, la solicitud de representaci\u00f3n podr\u00e1 ser efectuada directamente por el\/la c\u00f3nyuge separado de hecho o divorciado. si la cuota de alimentos corresponde a el\/ella y sus hijos, la representaci\u00f3n se otorgar\u00e1 para todos los mencionados en la resoluci\u00f3n que as\u00ed lo dispone. Si los alimentos fuesen exclusivamente fijados en favor de los hijos, se otorgar\u00e1 la representaci\u00f3n a su madre, pero esta no podr\u00e1 hacer uso de los beneficios sociales para si. Dicha solicitud tramitar\u00e1 por la v\u00eda de excepci\u00f3n, a consideraci\u00f3n del Honorable Directorio, quien para el supuesto de concederla deber\u00e1 establecer el plazo de vigencia de la misma, y si lo requiere, autorizaci\u00f3n para percibir.  <\/p>\n\n\n\n<ul class=\"wp-block-list\">\n<li><mark style=\"background-color:rgba(0, 0, 0, 0);color:#838383\" class=\"has-inline-color\">Adjuntar a documentaci\u00f3n b\u00e1sica<\/mark><\/li>\n\n\n\n<li><mark style=\"background-color:rgba(0, 0, 0, 0);color:#838383\" class=\"has-inline-color\">Sentencia<\/mark><\/li>\n\n\n\n<li><mark style=\"background-color:rgba(0, 0, 0, 0);color:#838383\" class=\"has-inline-color\">Certificado de revista de haberes y familiares a cargo, expedido por la Fiscalizaci\u00f3n y Asignaci\u00f3n del Servicio Penitenciario o IPS.<\/mark><\/li>\n<\/ul>\n\n\n\n<h6 class=\"wp-block-heading\"><strong>Curatela<\/strong><\/h6>\n\n\n\n<ul class=\"wp-block-list\">\n<li><mark style=\"background-color:rgba(0, 0, 0, 0);color:#838383\" class=\"has-inline-color\"><strong>Adjuntar a documentaci\u00f3n b\u00e1sica.<\/strong><\/mark><\/li>\n\n\n\n<li><mark style=\"background-color:rgba(0, 0, 0, 0);color:#838383\" class=\"has-inline-color\">Fotocopia de la sentencia de curatela, definitiva o provisoria.<\/mark><\/li>\n\n\n\n<li><mark style=\"background-color:rgba(0, 0, 0, 0);color:#838383\" class=\"has-inline-color\">Fotocopia del DNI del curador.<\/mark><\/li>\n<\/ul>\n\n\n\n<h6 class=\"wp-block-heading\"><strong>Tutela<\/strong><\/h6>\n\n\n\n<p>La representaci\u00f3n de pensionados menores de edad ser\u00e1 ejercida por un Tutor natural o designado judicialmente y\/o certificado de discapacidad.<\/p>\n\n\n\n<ul class=\"wp-block-list\">\n<li><mark style=\"background-color:rgba(0, 0, 0, 0);color:#838383\" class=\"has-inline-color\"><strong>Adjuntar a documentaci\u00f3n b\u00e1sica.<\/strong><\/mark><\/li>\n\n\n\n<li><mark style=\"background-color:rgba(0, 0, 0, 0);color:#838383\" class=\"has-inline-color\">Fotocopia del certificado de Nacimiento del menor pensionado o tutela otorgada judicialmente y\/o certificado de discapacidad<\/mark><\/li>\n<\/ul>\n","protected":false},"excerpt":{"rendered":"<p>Autorizaciones Semestrales Por representaci\u00f3n de hijos menores y en car\u00e1cter de c\u00f3nyuge separado. En caso de que existiera sentencia judicial por alimentos, la solicitud de representaci\u00f3n podr\u00e1 ser efectuada directamente por el\/la c\u00f3nyuge separado de hecho o divorciado. si la cuota de alimentos corresponde a el\/ella y sus hijos, la representaci\u00f3n se otorgar\u00e1 para todos &#8230; <a title=\"Autorizaciones\" class=\"read-more\" href=\"https:\/\/web.accionsocialspb.org.ar\/dpasdoswp\/autorizaciones\/\" aria-label=\"Leer m\u00e1s sobre Autorizaciones\">Leer m\u00e1s<\/a><\/p>\n","protected":false},"author":1,"featured_media":0,"parent":0,"menu_order":0,"comment_status":"closed","ping_status":"closed","template":"","meta":{"footnotes":""},"class_list":["post-359","page","type-page","status-publish"],"_links":{"self":[{"href":"https:\/\/web.accionsocialspb.org.ar\/dpasdoswp\/wp-json\/wp\/v2\/pages\/359","targetHints":{"allow":["GET"]}}],"collection":[{"href":"https:\/\/web.accionsocialspb.org.ar\/dpasdoswp\/wp-json\/wp\/v2\/pages"}],"about":[{"href":"https:\/\/web.accionsocialspb.org.ar\/dpasdoswp\/wp-json\/wp\/v2\/types\/page"}],"author":[{"embeddable":true,"href":"https:\/\/web.accionsocialspb.org.ar\/dpasdoswp\/wp-json\/wp\/v2\/users\/1"}],"replies":[{"embeddable":true,"href":"https:\/\/web.accionsocialspb.org.ar\/dpasdoswp\/wp-json\/wp\/v2\/comments?post=359"}],"version-history":[{"count":43,"href":"https:\/\/web.accionsocialspb.org.ar\/dpasdoswp\/wp-json\/wp\/v2\/pages\/359\/revisions"}],"predecessor-version":[{"id":1709,"href":"https:\/\/web.accionsocialspb.org.ar\/dpasdoswp\/wp-json\/wp\/v2\/pages\/359\/revisions\/1709"}],"wp:attachment":[{"href":"https:\/\/web.accionsocialspb.org.ar\/dpasdoswp\/wp-json\/wp\/v2\/media?parent=359"}],"curies":[{"name":"wp","href":"https:\/\/api.w.org\/{rel}","templated":true}]}}