{"id":364,"date":"2021-04-14T10:49:49","date_gmt":"2021-04-14T13:49:49","guid":{"rendered":"http:\/\/web.accionsocialspb.org.ar\/dpasdoswp\/?page_id=364"},"modified":"2022-09-22T14:07:29","modified_gmt":"2022-09-22T17:07:29","slug":"turismo","status":"publish","type":"page","link":"https:\/\/web.accionsocialspb.org.ar\/dpasdoswp\/turismo\/","title":{"rendered":"Turismo"},"content":{"rendered":"\n<h2 class=\"wp-block-heading\"><strong><span style=\"color:#00aec3\" class=\"has-inline-color\">Turismo<\/span><\/strong><\/h2>\n\n\n\n<p>El<strong> Departamento de TURISMO<\/strong> ofrece asesoramiento y propuestas tur\u00edsticas, a fin de lograr la plena satisfacci\u00f3n de cada uno de nuestros afiliados, d\u00e1ndole la posibilidad de disfrutar de los viajes de beneficio a cargo del coseguro y de vacacionar a precios accesibles mediante descuento de haberes.<\/p>\n\n\n\n<h6 class=\"wp-block-heading\">    <strong><mark style=\"background-color:rgba(0, 0, 0, 0);color:#00aec3\" class=\"has-inline-color\">DOCUMENTACI\u00d3N B\u00c1SICA DE TURISMO<\/mark><\/strong><\/h6>\n\n\n\n<ul class=\"wp-block-list\"><li><mark style=\"background-color:rgba(0, 0, 0, 0);color:#838383\" class=\"has-inline-color\">\u00daltimo recibo de sueldo<\/mark><\/li><li><mark style=\"background-color:rgba(0, 0, 0, 0);color:#838383\" class=\"has-inline-color\">DNI del titular y acompa\u00f1antes<\/mark><\/li><li><mark style=\"background-color:rgba(0, 0, 0, 0);color:#838383\" class=\"has-inline-color\">CBU<\/mark><\/li><li><mark style=\"background-color:rgba(0, 0, 0, 0);color:#838383\" class=\"has-inline-color\">Copia de certificado de revista (si estuviese en actividad) o resoluci\u00f3n de retiro (si estuviese retirado)<\/mark><\/li><li>En caso de financiaci\u00f3n documentaci\u00f3n del garante (DNI, recibo de sueldo y copia de certificado de revista\/resoluci\u00f3n de retiro)<\/li><\/ul>\n\n\n\n<h4 class=\"wp-block-heading\"><strong><span style=\"color:#444444\" class=\"has-inline-color\">VIAJE DE BENEFICIOS<\/span><\/strong><\/h4>\n\n\n\n<ul class=\"wp-block-list\"><li><mark style=\"background-color:rgba(0, 0, 0, 0);color:#444444\" class=\"has-inline-color\">Viaje de bodas de oro (50 a\u00f1os con la Instituci\u00f3n)<\/mark><\/li><li><mark style=\"background-color:rgba(0, 0, 0, 0);color:#444444\" class=\"has-inline-color\">Viaje de recuperaci\u00f3n de heridos en acto de servicios.<\/mark><\/li><li><mark style=\"background-color:rgba(0, 0, 0, 0);color:#444444\" class=\"has-inline-color\">Viaje de retirados o jubilados.<\/mark><\/li><li><mark style=\"background-color:rgba(0, 0, 0, 0);color:#444444\" class=\"has-inline-color\">Viaje de Bodas.<\/mark><\/li><li><mark style=\"background-color:rgba(0, 0, 0, 0);color:#444444\" class=\"has-inline-color\">Solicitud del valor de viaje de bodas.<\/mark><\/li><li><mark style=\"background-color:rgba(0, 0, 0, 0);color:#444444\" class=\"has-inline-color\">Viaje por placer.<\/mark><\/li><\/ul>\n","protected":false},"excerpt":{"rendered":"<p>Turismo El Departamento de TURISMO ofrece asesoramiento y propuestas tur\u00edsticas, a fin de lograr la plena satisfacci\u00f3n de cada uno de nuestros afiliados, d\u00e1ndole la posibilidad de disfrutar de los viajes de beneficio a cargo del coseguro y de vacacionar a precios accesibles mediante descuento de haberes. DOCUMENTACI\u00d3N B\u00c1SICA DE TURISMO \u00daltimo recibo de sueldo &#8230; <a title=\"Turismo\" class=\"read-more\" href=\"https:\/\/web.accionsocialspb.org.ar\/dpasdoswp\/turismo\/\" aria-label=\"Leer m\u00e1s sobre Turismo\">Leer m\u00e1s<\/a><\/p>\n","protected":false},"author":1,"featured_media":0,"parent":0,"menu_order":0,"comment_status":"closed","ping_status":"closed","template":"","meta":{"footnotes":""},"class_list":["post-364","page","type-page","status-publish"],"_links":{"self":[{"href":"https:\/\/web.accionsocialspb.org.ar\/dpasdoswp\/wp-json\/wp\/v2\/pages\/364","targetHints":{"allow":["GET"]}}],"collection":[{"href":"https:\/\/web.accionsocialspb.org.ar\/dpasdoswp\/wp-json\/wp\/v2\/pages"}],"about":[{"href":"https:\/\/web.accionsocialspb.org.ar\/dpasdoswp\/wp-json\/wp\/v2\/types\/page"}],"author":[{"embeddable":true,"href":"https:\/\/web.accionsocialspb.org.ar\/dpasdoswp\/wp-json\/wp\/v2\/users\/1"}],"replies":[{"embeddable":true,"href":"https:\/\/web.accionsocialspb.org.ar\/dpasdoswp\/wp-json\/wp\/v2\/comments?post=364"}],"version-history":[{"count":26,"href":"https:\/\/web.accionsocialspb.org.ar\/dpasdoswp\/wp-json\/wp\/v2\/pages\/364\/revisions"}],"predecessor-version":[{"id":1562,"href":"https:\/\/web.accionsocialspb.org.ar\/dpasdoswp\/wp-json\/wp\/v2\/pages\/364\/revisions\/1562"}],"wp:attachment":[{"href":"https:\/\/web.accionsocialspb.org.ar\/dpasdoswp\/wp-json\/wp\/v2\/media?parent=364"}],"curies":[{"name":"wp","href":"https:\/\/api.w.org\/{rel}","templated":true}]}}