{"id":51,"date":"2021-04-01T19:34:16","date_gmt":"2021-04-01T22:34:16","guid":{"rendered":"http:\/\/web.accionsocialspb.org.ar\/dpasdoswp\/?page_id=51"},"modified":"2025-02-03T14:34:41","modified_gmt":"2025-02-03T17:34:41","slug":"autoridades","status":"publish","type":"page","link":"https:\/\/web.accionsocialspb.org.ar\/dpasdoswp\/autoridades\/","title":{"rendered":"Autoridades"},"content":{"rendered":"\n<h2 class=\"wp-block-heading\"><strong><span style=\"color:#00aec3\" class=\"has-inline-color\">Autoridades<\/span><\/strong><\/h2>\n\n\n\n<p><strong>Gobernador de la Provincia de Buenos Aires<\/strong><\/p>\n\n\n\n<p>Dr. Axel Kicillof<\/p>\n\n\n\n<p><strong>Ministro de Justicia y Derechos Humanos de la Provincia de Buenos Aires <\/strong><\/p>\n\n\n\n<p>Dr. Juan Martin Mena<\/p>\n\n\n\n<p><strong>Subsecretario de Pol\u00edtica Penitenciaria <\/strong><\/p>\n\n\n\n<p>Dr. Jos\u00e9 Gervasio  Gonz\u00e1lez Hueso<\/p>\n\n\n\n<p><strong>Presidente de la Direcci\u00f3n Provincial de Acci\u00f3n Social Penitenciaria<\/strong><\/p>\n\n\n\n<p>Lic. Jes\u00fas Del  Giorgio<\/p>\n\n\n\n<p><strong> Vicepresidente de la Direcci\u00f3n Provincial de Acci\u00f3n Social Penitenciaria<\/strong> <\/p>\n\n\n\n<p>Dr. Xavier Areses <\/p>\n\n\n\n<p><strong>Directores Asesores Consultivos<\/strong><\/p>\n\n\n\n<p>Sra. Malena Vi\u00f1as Massaccesi<\/p>\n\n\n\n<p>Sr. Orlando Felipe Barreiro<\/p>\n\n\n\n<p>Sr. Jorge Luis Tardio<\/p>\n","protected":false},"excerpt":{"rendered":"<p>Autoridades Gobernador de la Provincia de Buenos Aires Dr. Axel Kicillof Ministro de Justicia y Derechos Humanos de la Provincia de Buenos Aires Dr. Juan Martin Mena Subsecretario de Pol\u00edtica Penitenciaria Dr. Jos\u00e9 Gervasio Gonz\u00e1lez Hueso Presidente de la Direcci\u00f3n Provincial de Acci\u00f3n Social Penitenciaria Lic. Jes\u00fas Del Giorgio Vicepresidente de la Direcci\u00f3n Provincial de &#8230; <a title=\"Autoridades\" class=\"read-more\" href=\"https:\/\/web.accionsocialspb.org.ar\/dpasdoswp\/autoridades\/\" aria-label=\"Leer m\u00e1s sobre Autoridades\">Leer m\u00e1s<\/a><\/p>\n","protected":false},"author":1,"featured_media":0,"parent":0,"menu_order":0,"comment_status":"closed","ping_status":"closed","template":"","meta":{"footnotes":""},"class_list":["post-51","page","type-page","status-publish"],"_links":{"self":[{"href":"https:\/\/web.accionsocialspb.org.ar\/dpasdoswp\/wp-json\/wp\/v2\/pages\/51","targetHints":{"allow":["GET"]}}],"collection":[{"href":"https:\/\/web.accionsocialspb.org.ar\/dpasdoswp\/wp-json\/wp\/v2\/pages"}],"about":[{"href":"https:\/\/web.accionsocialspb.org.ar\/dpasdoswp\/wp-json\/wp\/v2\/types\/page"}],"author":[{"embeddable":true,"href":"https:\/\/web.accionsocialspb.org.ar\/dpasdoswp\/wp-json\/wp\/v2\/users\/1"}],"replies":[{"embeddable":true,"href":"https:\/\/web.accionsocialspb.org.ar\/dpasdoswp\/wp-json\/wp\/v2\/comments?post=51"}],"version-history":[{"count":14,"href":"https:\/\/web.accionsocialspb.org.ar\/dpasdoswp\/wp-json\/wp\/v2\/pages\/51\/revisions"}],"predecessor-version":[{"id":2093,"href":"https:\/\/web.accionsocialspb.org.ar\/dpasdoswp\/wp-json\/wp\/v2\/pages\/51\/revisions\/2093"}],"wp:attachment":[{"href":"https:\/\/web.accionsocialspb.org.ar\/dpasdoswp\/wp-json\/wp\/v2\/media?parent=51"}],"curies":[{"name":"wp","href":"https:\/\/api.w.org\/{rel}","templated":true}]}}