{"id":55,"date":"2021-04-01T19:34:59","date_gmt":"2021-04-01T22:34:59","guid":{"rendered":"http:\/\/web.accionsocialspb.org.ar\/dpasdoswp\/?page_id=55"},"modified":"2022-09-22T13:52:10","modified_gmt":"2022-09-22T16:52:10","slug":"institucional","status":"publish","type":"page","link":"https:\/\/web.accionsocialspb.org.ar\/dpasdoswp\/institucional\/","title":{"rendered":"Institucional"},"content":{"rendered":"\n<h2 class=\"wp-block-heading\"><strong><span style=\"color:#00aec3\" class=\"has-inline-color\">Institucional<\/span><\/strong><\/h2>\n\n\n\n<p>La <strong>Direcci\u00f3n Provincial de Acci\u00f3n Social Penitenciaria es el Coseguro del Servicio Penitenciario Bonaerense<\/strong> que brinda a sus afiliados una amplia cobertura de prestaciones m\u00e9dicas, odontol\u00f3gica y sociales, teniendo en cuenta como eje central al agente penitenciario y a su grupo familiar.<br>Nuestro objetivo es llevar a la pr\u00e1ctica acciones concretas para la atenci\u00f3n y contenci\u00f3n del afiliado. Incrementando los beneficios de acuerdo a las necesidades y demandas que surjan de la realidad social<br>Esta Direcci\u00f3n tiene sus puertas abiertas para que con la participaci\u00f3n de todos podamos seguir avanzando en pos del bienestar de la familia penitenciaria.<\/p>\n\n\n\n<div style=\"height:100px\" aria-hidden=\"true\" class=\"wp-block-spacer\"><\/div>\n","protected":false},"excerpt":{"rendered":"<p>Institucional La Direcci\u00f3n Provincial de Acci\u00f3n Social Penitenciaria es el Coseguro del Servicio Penitenciario Bonaerense que brinda a sus afiliados una amplia cobertura de prestaciones m\u00e9dicas, odontol\u00f3gica y sociales, teniendo en cuenta como eje central al agente penitenciario y a su grupo familiar.Nuestro objetivo es llevar a la pr\u00e1ctica acciones concretas para la atenci\u00f3n y &#8230; <a title=\"Institucional\" class=\"read-more\" href=\"https:\/\/web.accionsocialspb.org.ar\/dpasdoswp\/institucional\/\" aria-label=\"Leer m\u00e1s sobre Institucional\">Leer m\u00e1s<\/a><\/p>\n","protected":false},"author":1,"featured_media":0,"parent":0,"menu_order":0,"comment_status":"closed","ping_status":"closed","template":"","meta":{"footnotes":""},"class_list":["post-55","page","type-page","status-publish"],"_links":{"self":[{"href":"https:\/\/web.accionsocialspb.org.ar\/dpasdoswp\/wp-json\/wp\/v2\/pages\/55","targetHints":{"allow":["GET"]}}],"collection":[{"href":"https:\/\/web.accionsocialspb.org.ar\/dpasdoswp\/wp-json\/wp\/v2\/pages"}],"about":[{"href":"https:\/\/web.accionsocialspb.org.ar\/dpasdoswp\/wp-json\/wp\/v2\/types\/page"}],"author":[{"embeddable":true,"href":"https:\/\/web.accionsocialspb.org.ar\/dpasdoswp\/wp-json\/wp\/v2\/users\/1"}],"replies":[{"embeddable":true,"href":"https:\/\/web.accionsocialspb.org.ar\/dpasdoswp\/wp-json\/wp\/v2\/comments?post=55"}],"version-history":[{"count":16,"href":"https:\/\/web.accionsocialspb.org.ar\/dpasdoswp\/wp-json\/wp\/v2\/pages\/55\/revisions"}],"predecessor-version":[{"id":1551,"href":"https:\/\/web.accionsocialspb.org.ar\/dpasdoswp\/wp-json\/wp\/v2\/pages\/55\/revisions\/1551"}],"wp:attachment":[{"href":"https:\/\/web.accionsocialspb.org.ar\/dpasdoswp\/wp-json\/wp\/v2\/media?parent=55"}],"curies":[{"name":"wp","href":"https:\/\/api.w.org\/{rel}","templated":true}]}}