{"id":58,"date":"2021-04-01T19:35:23","date_gmt":"2021-04-01T22:35:23","guid":{"rendered":"http:\/\/web.accionsocialspb.org.ar\/dpasdoswp\/?page_id=58"},"modified":"2024-01-23T14:20:05","modified_gmt":"2024-01-23T17:20:05","slug":"afiliaciones","status":"publish","type":"page","link":"https:\/\/web.accionsocialspb.org.ar\/dpasdoswp\/afiliaciones\/","title":{"rendered":"Afiliaciones"},"content":{"rendered":"\n<h2 class=\"wp-block-heading\"><strong><span style=\"color:#00aec3\" class=\"has-inline-color\">Afiliaciones<\/span><\/strong><\/h2>\n\n\n\n<p>La <strong>Direcci\u00f3n Provincial de Acci\u00f3n Social del SPB<\/strong> tiene como afiliados a todo el personal de Servicio Penitenciario Bonaerense en actividad, a su grupo familiar a cargo, al personal retirado y deudos con derecho a pensi\u00f3n.<\/p>\n\n\n\n<h6 class=\"wp-block-heading\"><strong><span style=\"color:#00aec2\" class=\"has-inline-color\">Requisitos para todo tr\u00e1mite afiliatorio<\/span><\/strong><\/h6>\n\n\n\n<ul class=\"wp-block-list\" id=\"block-ab6dfd5f-f6aa-4939-b8d7-b59703be70e6\">\n<li><mark style=\"background-color:rgba(0, 0, 0, 0);color:#838383\" class=\"has-inline-color\">DNI y Carnet de IOMA del afiliado titular y del grupo familiar.<\/mark><\/li>\n\n\n\n<li><mark style=\"background-color:rgba(0, 0, 0, 0);color:#838383\" class=\"has-inline-color\">Documentaci\u00f3n que acredite el v\u00ednculo pertinente (Certificado de Nacimiento y Acta de Matrimonio, Certificado de Uni\u00f3n Convivencial o Informaci\u00f3n Sumaria Judicial actualizada )<\/mark><\/li>\n\n\n\n<li><mark style=\"background-color:rgba(0, 0, 0, 0);color:#838383\" class=\"has-inline-color\">CUD si correspondiere<\/mark><\/li>\n\n\n\n<li><mark style=\"background-color:rgba(0, 0, 0, 0);color:#838383\" class=\"has-inline-color\">\u00daltimo recibo de haberes del titular del titular.<\/mark><\/li>\n\n\n\n<li><mark style=\"background-color:rgba(0, 0, 0, 0);color:#838383\" class=\"has-inline-color\">CBU<\/mark><\/li>\n<\/ul>\n\n\n\n<h6 class=\"wp-block-heading\"><strong>Afiliado voluntario<\/strong>: Retirados, Jubilados Penitenciarios, Deudos con derecho a pensi\u00f3n.<\/h6>\n\n\n\n<h6 class=\"wp-block-heading\"><strong>Retirados<\/strong><\/h6>\n\n\n\n<p>La afiliaci\u00f3n ser\u00e1 voluntaria, con plazo a imputarse perentorio de 180 d\u00edas desde la fecha de cese de  actividad, para que el personal retirado manifieste su voluntad de afiliarse a esta Direcci\u00f3n Provincial, para los pensionados rige el mismo requisito.<\/p>\n\n\n\n<h6 class=\"wp-block-heading\"><strong>Reafiliaci\u00f3n o afiliaci\u00f3n tard\u00eda<\/strong><\/h6>\n\n\n\n<p>Los agentes que se hubieran dado de baja de este Coseguro o que nunca hubiesen estado afiliados podr\u00e1n solicitar, por \u00fanica vez, la REAFILIACI\u00d3N O AFILIACI\u00d3N TARD\u00cdA, seg\u00fan el caso, la que ser\u00e1 dispuesta por el Honorable Directorio, con un per\u00edodo de carencia de noventa (90) d\u00edas a contar, desde la fecha de notificaci\u00f3n del acto administrativo que a tal efecto de dicte.<\/p>\n\n\n\n<h6 class=\"wp-block-heading\"><strong>Afiliados con familiares a cargo<\/strong><\/h6>\n\n\n\n<ul class=\"wp-block-list\">\n<li><mark style=\"background-color:rgba(0, 0, 0, 0);color:#838383\" class=\"has-inline-color\">Hijos menores de 21 a\u00f1os a cargo del titular.<\/mark><\/li>\n\n\n\n<li><mark style=\"background-color:rgba(0, 0, 0, 0);color:#838383\" class=\"has-inline-color\">C\u00f3nyuge o conviviente en uni\u00f3n convivencial a cargo del titular o con Carnet de IOMA propio.<\/mark><\/li>\n<\/ul>\n\n\n\n<p class=\"lineaseparador\"><\/p>\n","protected":false},"excerpt":{"rendered":"<p>Afiliaciones La Direcci\u00f3n Provincial de Acci\u00f3n Social del SPB tiene como afiliados a todo el personal de Servicio Penitenciario Bonaerense en actividad, a su grupo familiar a cargo, al personal retirado y deudos con derecho a pensi\u00f3n. Requisitos para todo tr\u00e1mite afiliatorio Afiliado voluntario: Retirados, Jubilados Penitenciarios, Deudos con derecho a pensi\u00f3n. Retirados La afiliaci\u00f3n &#8230; <a title=\"Afiliaciones\" class=\"read-more\" href=\"https:\/\/web.accionsocialspb.org.ar\/dpasdoswp\/afiliaciones\/\" aria-label=\"Leer m\u00e1s sobre Afiliaciones\">Leer m\u00e1s<\/a><\/p>\n","protected":false},"author":1,"featured_media":0,"parent":0,"menu_order":0,"comment_status":"closed","ping_status":"closed","template":"","meta":{"footnotes":""},"class_list":["post-58","page","type-page","status-publish"],"_links":{"self":[{"href":"https:\/\/web.accionsocialspb.org.ar\/dpasdoswp\/wp-json\/wp\/v2\/pages\/58","targetHints":{"allow":["GET"]}}],"collection":[{"href":"https:\/\/web.accionsocialspb.org.ar\/dpasdoswp\/wp-json\/wp\/v2\/pages"}],"about":[{"href":"https:\/\/web.accionsocialspb.org.ar\/dpasdoswp\/wp-json\/wp\/v2\/types\/page"}],"author":[{"embeddable":true,"href":"https:\/\/web.accionsocialspb.org.ar\/dpasdoswp\/wp-json\/wp\/v2\/users\/1"}],"replies":[{"embeddable":true,"href":"https:\/\/web.accionsocialspb.org.ar\/dpasdoswp\/wp-json\/wp\/v2\/comments?post=58"}],"version-history":[{"count":121,"href":"https:\/\/web.accionsocialspb.org.ar\/dpasdoswp\/wp-json\/wp\/v2\/pages\/58\/revisions"}],"predecessor-version":[{"id":1807,"href":"https:\/\/web.accionsocialspb.org.ar\/dpasdoswp\/wp-json\/wp\/v2\/pages\/58\/revisions\/1807"}],"wp:attachment":[{"href":"https:\/\/web.accionsocialspb.org.ar\/dpasdoswp\/wp-json\/wp\/v2\/media?parent=58"}],"curies":[{"name":"wp","href":"https:\/\/api.w.org\/{rel}","templated":true}]}}