{"id":70,"date":"2021-04-01T19:36:38","date_gmt":"2021-04-01T22:36:38","guid":{"rendered":"http:\/\/web.accionsocialspb.org.ar\/dpasdoswp\/?page_id=70"},"modified":"2022-09-22T13:54:16","modified_gmt":"2022-09-22T16:54:16","slug":"preguntas-frecuentes","status":"publish","type":"page","link":"https:\/\/web.accionsocialspb.org.ar\/dpasdoswp\/preguntas-frecuentes\/","title":{"rendered":"Preguntas Frecuentes"},"content":{"rendered":"\n<h2 class=\"wp-block-heading\"><strong><span style=\"color:#00aec3\" class=\"has-inline-color\">Preguntas Frecuentes<\/span><\/strong><\/h2>\n\n\n\n<p><strong>1-<\/strong> \u00bf<strong>Cu\u00e1l es la documentaci\u00f3n b\u00e1sica para todos los tr\u00e1mites?<\/strong><\/p>\n\n\n\n<p>Debe presentar DNI, carnet de IOMA, \u00faltimo recibo de sueldo y CBU.<\/p>\n\n\n\n<p><strong>2- \u00bfTodos los reintegros son mediante CBU?<\/strong><\/p>\n\n\n\n<p>S\u00ed, todos los reintegros se realizan mediante CBU siendo los mismos depositados en la cuenta sueldo del titular.<\/p>\n\n\n\n<p><strong>3- \u00bfSe pueden realizar tr\u00e1mites online?<\/strong><\/p>\n\n\n\n<p>Actualmente no, pero se est\u00e1 trabajando para poder realizar los tr\u00e1mites de esta manera.<\/p>\n\n\n\n<p><strong>4- \u00bfC\u00f3mo se realiza el tr\u00e1mite para provisi\u00f3n de lentes a\u00e9reos y de contacto?<\/strong><\/p>\n\n\n\n<p>El afiliado deber\u00e1 concurrir a la Sede Central o Delegaci\u00f3n m\u00e1s cercana con la fotocopia de la orden m\u00e9dica y documentaci\u00f3n b\u00e1sica (DNI-recibo de sueldo-Carnet de IOMA), una vez all\u00ed, completar\u00e1 la Planilla de Solicitud, seleccionar\u00e1 la \u00f3ptica e indicar\u00e1 la forma de contacto (e-mail o WhatsApp) para poder recibir la constancia de autorizaci\u00f3n. Luego al tener dicha constancia junto con la receta m\u00e9dica original se dirigir\u00e1 a la \u00f3ptica designada.<\/p>\n\n\n\n<p><strong>5- \u00bfCu\u00e1les son los viajes que ofrece la DPAS?<\/strong><\/p>\n\n\n\n<p>Ofrecemos viajes a destinos nacionales durante todo el a\u00f1o, viajes de beneficio y viajes de placer.<\/p>\n\n\n\n<p><strong>6- \u00bfC\u00f3mo puedo acceder a las propuestas tur\u00edsticas vigentes?<\/strong><\/p>\n\n\n\n<p>Puede ser asesorado por el \u00e1rea de turismo y conocer las propuestas tur\u00edsticas vigentes llamando o escribiendo por WhatsApp al celular: 221-603 8735 como as\u00ed tambi\u00e9n enviando un mail a <a href=\"mailto:notificaciones.turismocontable@gmail.com\">notificaciones.turismocontable@gmail.com<\/a>.<\/p>\n\n\n\n<p><strong>7- \u00bfQu\u00e9 debo presentar para realizar el reintegro de medicamentos cubiertos por IOMA?<\/strong><\/p>\n\n\n\n<p>Debe presentar la documentaci\u00f3n b\u00e1sica (DNI-carnet de IOMA-\u00faltimo recibo de sueldo-CBU), fotocopia de la receta con los troqueles de los medicamentos y factura o ticket conforme normas AFIP.<\/p>\n\n\n\n<p><strong>8-  \u00bfQu\u00e9 debo presentar para afiliar a hijos y c\u00f3nyuges\/convivientes?<\/strong><\/p>\n\n\n\n<p>En primera instancia los familiares que quiera afiliar a la DPAS deber\u00e1 tenerlos a cargo tambi\u00e9n en IOMA, luego deber\u00e1 presentar en este coseguro el <strong>DNI y carnet de IOMA del afiliado titular y su grupo familiar,<\/strong> <strong>documentaci\u00f3n que acredite el v\u00ednculo<\/strong> pertinente (Certificado de Nacimiento, Acta de Matrimonio, Certificado de Uni\u00f3n Convivencial o Informaci\u00f3n Sumaria Judicial actualizada), CUD si correspondiere, \u00faltimo recibo de haberes del titular y constituci\u00f3n de domicilio electr\u00f3nico.<\/p>\n","protected":false},"excerpt":{"rendered":"<p>Preguntas Frecuentes 1- \u00bfCu\u00e1l es la documentaci\u00f3n b\u00e1sica para todos los tr\u00e1mites? Debe presentar DNI, carnet de IOMA, \u00faltimo recibo de sueldo y CBU. 2- \u00bfTodos los reintegros son mediante CBU? S\u00ed, todos los reintegros se realizan mediante CBU siendo los mismos depositados en la cuenta sueldo del titular. 3- \u00bfSe pueden realizar tr\u00e1mites online? &#8230; <a title=\"Preguntas Frecuentes\" class=\"read-more\" href=\"https:\/\/web.accionsocialspb.org.ar\/dpasdoswp\/preguntas-frecuentes\/\" aria-label=\"Leer m\u00e1s sobre Preguntas Frecuentes\">Leer m\u00e1s<\/a><\/p>\n","protected":false},"author":1,"featured_media":0,"parent":0,"menu_order":0,"comment_status":"closed","ping_status":"closed","template":"","meta":{"footnotes":""},"class_list":["post-70","page","type-page","status-publish"],"_links":{"self":[{"href":"https:\/\/web.accionsocialspb.org.ar\/dpasdoswp\/wp-json\/wp\/v2\/pages\/70","targetHints":{"allow":["GET"]}}],"collection":[{"href":"https:\/\/web.accionsocialspb.org.ar\/dpasdoswp\/wp-json\/wp\/v2\/pages"}],"about":[{"href":"https:\/\/web.accionsocialspb.org.ar\/dpasdoswp\/wp-json\/wp\/v2\/types\/page"}],"author":[{"embeddable":true,"href":"https:\/\/web.accionsocialspb.org.ar\/dpasdoswp\/wp-json\/wp\/v2\/users\/1"}],"replies":[{"embeddable":true,"href":"https:\/\/web.accionsocialspb.org.ar\/dpasdoswp\/wp-json\/wp\/v2\/comments?post=70"}],"version-history":[{"count":13,"href":"https:\/\/web.accionsocialspb.org.ar\/dpasdoswp\/wp-json\/wp\/v2\/pages\/70\/revisions"}],"predecessor-version":[{"id":1557,"href":"https:\/\/web.accionsocialspb.org.ar\/dpasdoswp\/wp-json\/wp\/v2\/pages\/70\/revisions\/1557"}],"wp:attachment":[{"href":"https:\/\/web.accionsocialspb.org.ar\/dpasdoswp\/wp-json\/wp\/v2\/media?parent=70"}],"curies":[{"name":"wp","href":"https:\/\/api.w.org\/{rel}","templated":true}]}}